{"id":25857,"date":"2020-10-15T13:29:24","date_gmt":"2020-10-15T11:29:24","guid":{"rendered":"http:\/\/www.elbatrade.at\/?page_id=25857"},"modified":"2024-01-11T15:06:53","modified_gmt":"2024-01-11T14:06:53","slug":"impressum","status":"publish","type":"page","link":"https:\/\/www.elbatrade.at\/de\/impressum\/","title":{"rendered":"Impressum"},"content":{"rendered":"\t\t<div data-elementor-type=\"wp-post\" data-elementor-id=\"25857\" class=\"elementor elementor-25857\" data-elementor-post-type=\"page\">\n\t\t\t\t\t\t<section class=\"elementor-section elementor-top-section elementor-element elementor-element-2a38a05e elementor-reverse-tablet elementor-reverse-mobile elementor-section-boxed elementor-section-height-default elementor-section-height-default\" data-id=\"2a38a05e\" data-element_type=\"section\" data-settings=\"{&quot;background_background&quot;:&quot;classic&quot;}\">\n\t\t\t\t\t\t\t<div class=\"elementor-background-overlay\"><\/div>\n\t\t\t\t\t\t\t<div class=\"elementor-container elementor-column-gap-default\">\n\t\t\t\t\t<div class=\"elementor-column elementor-col-100 elementor-top-column elementor-element elementor-element-310bef13\" data-id=\"310bef13\" data-element_type=\"column\">\n\t\t\t<div class=\"elementor-widget-wrap elementor-element-populated\">\n\t\t\t\t\t\t<div class=\"elementor-element elementor-element-5038fd58 elementor-widget elementor-widget-heading\" data-id=\"5038fd58\" data-element_type=\"widget\" data-widget_type=\"heading.default\">\n\t\t\t\t<div class=\"elementor-widget-container\">\n\t\t\t<h2 class=\"elementor-heading-title elementor-size-default\">Impressum<\/h2>\t\t<\/div>\n\t\t\t\t<\/div>\n\t\t\t\t<div class=\"elementor-element elementor-element-3135e6b7 elementor-widget elementor-widget-text-editor\" data-id=\"3135e6b7\" data-element_type=\"widget\" data-widget_type=\"text-editor.default\">\n\t\t\t\t<div class=\"elementor-widget-container\">\n\t\t\t\t\t\t\t<p>Informationspflicht laut \u00a75 E-Commerce Gesetz, \u00a714 Unternehmensgesetzbuch, \u00a763 Gewerbeordnung und Offenlegungspflicht laut \u00a725 Mediengesetz.<\/p>\n<p>Elbatrade HandelsgmbH<br>Favoritner Gewerbering 15-17\/1.OG<br>A-1100 Wien<br>\u00d6sterreich<\/p>\n<p><strong>Unternehmensgegenstand:<\/strong> Vertrieb von elektronischen Baukomponenten, Elektronikartikeln, Produkten zur Stromversorgung, Verbraucherelektronik;<br><strong>UID-Nummer:<\/strong> ATU53857009<br><strong>Firmenbuchnummer:<\/strong> FN 220118 d<br><strong>Firmensitz:<\/strong> 1100 Wien<\/p>\n<p><span style=\"font-family: Montserrat; font-size: 19.3333px;\">Tel.: +43 1&nbsp;600 8366<br><\/span><br><span lang=\"EN-US\" style=\"font-size: 14.5pt; font-family: Montserrat;\"><a href=\"http:\/\/www.elbatrade.eu\/\" target=\"_blank\" data-saferedirecturl=\"https:\/\/www.google.com\/url?q=http:\/\/www.elbatrade.eu&amp;source=gmail&amp;ust=1705064800868000&amp;usg=AOvVaw00BsvSpRcx3h3icndWgDcq\" style=\"color: rgb(17, 85, 204);\">www.elbatrade.eu<\/a><br><\/span><u style=\"color: rgb(34, 34, 34); font-family: Arial, Helvetica, sans-serif; font-size: small;\"><span lang=\"EN-US\" style=\"font-size: 14.5pt; font-family: Montserrat; color: blue;\"><a href=\"mailto:office@elbatrade.eu\" target=\"_blank\" style=\"color: rgb(17, 85, 204);\">office@elbatrade.eu<\/a><\/span><\/u><\/p>\n<p><strong>Gesch\u00e4ftsf\u00fchrer<\/strong><br>Herr Krzysztof Pawlowski<\/p>\n<p><strong>Beteiligungsverh\u00e4ltnisse<\/strong><br>Gesellschafter Herr Krzysztof Pawlowski<br>Anteil: 100,00%<\/p>\n<p><\/p>\n<h2 data-fontsize=\"24\" data-lineheight=\"36px\">EU-Streitschlichtung<\/h2>\n<p>Gem\u00e4\u00df Verordnung \u00fcber Online-Streitbeilegung in Verbraucherangelegenheiten (ODR-Verordnung) m\u00f6chten wir Sie \u00fcber die Online-Streitbeilegungsplattform (OS-Plattform) informieren.<br>Verbraucher haben die M\u00f6glichkeit, Beschwerden an die Online Streitbeilegungsplattform der Europ\u00e4ischen Kommission unter <a href=\"https:\/\/ec.europa.eu\/consumers\/odr\/main\/index.cfm?event=main.home2.show&amp;lng=DE\" target=\"_blank\" rel=\"noopener\">http:\/\/ec.europa.eu\/odr?tid=121663922<\/a> zu richten. Die daf\u00fcr notwendigen Kontaktdaten finden Sie oberhalb in unserem Impressum.<\/p>\n<p>Wir m\u00f6chten Sie jedoch darauf hinweisen, dass wir nicht bereit oder verpflichtet sind, an Streitbeilegungsverfahren vor einer Verbraucherschlichtungsstelle teilzunehmen.<\/p>\n<h2 data-fontsize=\"24\" data-lineheight=\"36px\">Haftung f\u00fcr Inhalte dieser Webseite<\/h2>\n<p>Wir entwickeln die Inhalte dieser Webseite st\u00e4ndig weiter und bem\u00fchen uns korrekte und aktuelle Informationen bereitzustellen. Leider k\u00f6nnen wir keine Haftung f\u00fcr die Korrektheit aller Inhalte auf dieser Webseite \u00fcbernehmen, speziell f\u00fcr jene die seitens Dritter bereitgestellt wurden.<\/p>\n<p>Sollten Ihnen problematische oder rechtswidrige Inhalte auffallen, bitten wir Sie uns umgehend zu kontaktieren, Sie finden die Kontaktdaten im Impressum.<\/p>\n<h2 data-fontsize=\"24\" data-lineheight=\"36px\">Haftung f\u00fcr Links auf dieser Webseite<\/h2>\n<p>Unsere Webseite enth\u00e4lt Links zu anderen Webseiten f\u00fcr deren Inhalt wir nicht verantwortlich sind. Haftung f\u00fcr verlinkte Websites besteht laut <a href=\"https:\/\/www.ris.bka.gv.at\/Dokument.wxe?Abfrage=Bundesnormen&amp;Dokumentnummer=NOR40025813&amp;tid=121663922\" target=\"_blank\" rel=\"noopener\">\u00a7 17 ECG<\/a> f\u00fcr uns nicht, da wir keine Kenntnis rechtswidriger T\u00e4tigkeiten hatten und haben, uns solche Rechtswidrigkeiten auch bisher nicht aufgefallen sind und wir Links sofort entfernen w\u00fcrden, wenn uns Rechtswidrigkeiten bekannt werden.<\/p>\n<p>Wenn Ihnen rechtswidrige Links auf unserer Website auffallen, bitten wir Sie uns zu kontaktieren, Sie finden die Kontaktdaten im Impressum.<\/p>\n<h2 data-fontsize=\"24\" data-lineheight=\"36px\">Urheberrechtshinweis<\/h2>\n<p>Alle Inhalte dieser Webseite (Bilder, Fotos, Texte, Videos) unterliegen dem Urheberrecht. Falls notwendig, werden wir die unerlaubte Nutzung von Teilen der Inhalte unserer Seite rechtlich verfolgen.<\/p>\n<p>Sollten Sie auf dieser Webseite Inhalte finden, die das Urheberrecht verletzen, bitten wir Sie uns zu kontaktieren.<\/p>\n<h2 data-fontsize=\"24\" data-lineheight=\"36px\">Bildernachweis<\/h2>\n<p>Die Bilder, Fotos und Grafiken auf dieser Webseite sind urheberrechtlich gesch\u00fctzt.<\/p>\n<p>Quelle: Erstellt mit dem Datenschutz Generator von <a title=\"AdSimple\u00ae Online Marketing und Webdesign\" href=\"https:\/\/www.adsimple.at\/online-marketing\/\" target=\"_blank\" rel=\"follow noopener\">AdSimple\u00ae Online Marketin<\/a>0<\/p>\t\t\t\t\t\t<\/div>\n\t\t\t\t<\/div>\n\t\t\t\t\t<\/div>\n\t\t<\/div>\n\t\t\t\t\t<\/div>\n\t\t<\/section>\n\t\t\t\t<\/div>\n\t\t","protected":false},"excerpt":{"rendered":"<p>Impressum Informationspflicht laut \u00a75 E-Commerce Gesetz, \u00a714 Unternehmensgesetzbuch, \u00a763 Gewerbeordnung und Offenlegungspflicht laut \u00a725 Mediengesetz. Elbatrade HandelsgmbHFavoritner Gewerbering 15-17\/1.OGA-1100 Wien\u00d6sterreich Unternehmensgegenstand: Vertrieb von elektronischen Baukomponenten, Elektronikartikeln, Produkten zur Stromversorgung, Verbraucherelektronik;UID-Nummer: ATU53857009Firmenbuchnummer: FN 220118 dFirmensitz: 1100 Wien Tel.: +43 1&nbsp;600 8366 www.elbatrade.euoffice@elbatrade.eu Gesch\u00e4ftsf\u00fchrerHerr Krzysztof Pawlowski Beteiligungsverh\u00e4ltnisseGesellschafter Herr Krzysztof PawlowskiAnteil: 100,00% EU-Streitschlichtung Gem\u00e4\u00df Verordnung \u00fcber Online-Streitbeilegung in [&hellip;]<\/p>\n","protected":false},"author":1,"featured_media":0,"parent":0,"menu_order":0,"comment_status":"closed","ping_status":"closed","template":"elementor_header_footer","meta":{"footnotes":""},"class_list":["post-25857","page","type-page","status-publish","hentry"],"_links":{"self":[{"href":"https:\/\/www.elbatrade.at\/de\/wp-json\/wp\/v2\/pages\/25857","targetHints":{"allow":["GET"]}}],"collection":[{"href":"https:\/\/www.elbatrade.at\/de\/wp-json\/wp\/v2\/pages"}],"about":[{"href":"https:\/\/www.elbatrade.at\/de\/wp-json\/wp\/v2\/types\/page"}],"author":[{"embeddable":true,"href":"https:\/\/www.elbatrade.at\/de\/wp-json\/wp\/v2\/users\/1"}],"replies":[{"embeddable":true,"href":"https:\/\/www.elbatrade.at\/de\/wp-json\/wp\/v2\/comments?post=25857"}],"version-history":[{"count":9,"href":"https:\/\/www.elbatrade.at\/de\/wp-json\/wp\/v2\/pages\/25857\/revisions"}],"predecessor-version":[{"id":25983,"href":"https:\/\/www.elbatrade.at\/de\/wp-json\/wp\/v2\/pages\/25857\/revisions\/25983"}],"wp:attachment":[{"href":"https:\/\/www.elbatrade.at\/de\/wp-json\/wp\/v2\/media?parent=25857"}],"curies":[{"name":"wp","href":"https:\/\/api.w.org\/{rel}","templated":true}]}}