{"id":25992,"date":"2024-03-24T10:56:38","date_gmt":"2024-03-24T09:56:38","guid":{"rendered":"https:\/\/www.elbatrade.at\/?page_id=25992"},"modified":"2024-03-24T13:23:54","modified_gmt":"2024-03-24T12:23:54","slug":"akyga-battery","status":"publish","type":"page","link":"https:\/\/www.elbatrade.at\/de\/akyga-battery\/","title":{"rendered":"Akyga Battery"},"content":{"rendered":"\t\t<div data-elementor-type=\"wp-post\" data-elementor-id=\"25992\" class=\"elementor elementor-25992\" data-elementor-post-type=\"page\">\n\t\t\t\t\t\t<section class=\"elementor-section elementor-top-section elementor-element elementor-element-6781c19 elementor-section-boxed elementor-section-height-default elementor-section-height-default\" data-id=\"6781c19\" data-element_type=\"section\">\n\t\t\t\t\t\t<div class=\"elementor-container elementor-column-gap-default\">\n\t\t\t\t\t<div class=\"elementor-column elementor-col-100 elementor-top-column elementor-element elementor-element-b9ac5ea\" data-id=\"b9ac5ea\" data-element_type=\"column\">\n\t\t\t<div class=\"elementor-widget-wrap elementor-element-populated\">\n\t\t\t\t\t\t<div class=\"elementor-element elementor-element-bb9a9ec elementor-widget elementor-widget-heading\" data-id=\"bb9a9ec\" data-element_type=\"widget\" data-widget_type=\"heading.default\">\n\t\t\t\t<div class=\"elementor-widget-container\">\n\t\t\t<h2 class=\"elementor-heading-title elementor-size-default\">Akyga Battery<\/h2>\t\t<\/div>\n\t\t\t\t<\/div>\n\t\t\t\t<div class=\"elementor-element elementor-element-c0e3074 elementor-widget elementor-widget-text-editor\" data-id=\"c0e3074\" data-element_type=\"widget\" data-widget_type=\"text-editor.default\">\n\t\t\t\t<div class=\"elementor-widget-container\">\n\t\t\t\t\t\t\t<p>Akyga Battery ist eine Marke, die seit Jahren auf dem europ\u00e4ischen Markt pr\u00e4sent ist. Das Unternehmen verf\u00fcgt \u00fcber mehr als 10 Jahre Erfahrung in der Herstellung hochwertiger Batterien und Akkus. Die Marke Akyga wurde 2005 gegr\u00fcndet und 2013 wurden die ersten Zellen mit dem Akyga Battery-Logo in das Angebot aufgenommen.<\/p><p>Akyga verf\u00fcgt \u00fcber ein umfangreiches Portfolio an Standardprodukten, erstellt aber dank der Unterst\u00fctzung einer qualifizierten technischen Abteilung und in Zusammenarbeit mit der Produktionsabteilung individuelle L\u00f6sungen entsprechend den Kundenanforderungen. Sowohl das Logistikzentrum als auch das Testzentrum befindet sich in Polen, in der N\u00e4he von Breslau. Hier werden f\u00fcr jede auf den Markt gebrachte Batterie- und Batteriecharge detaillierte Tests durchgef\u00fchrt. Alle Auslieferungen erfolgen somit aus Polen und dank entsprechend geschultem Personal sowie professioneller Logistik k\u00f6nnen somit alle Versandarten angeboten werden. Am selben Standort wurde auch eine Produktionsabteilung eingerichtet, die in der Lage ist, Verpackungen zu modifizieren, Stifte zu wechseln usw. Auch die Best\u00fcckung von Stiften f\u00fcr Knopfbatterien erfolgt mit entsprechenden Maschinen.<\/p>\t\t\t\t\t\t<\/div>\n\t\t\t\t<\/div>\n\t\t\t\t<div class=\"elementor-element elementor-element-a7f3f2a elementor-widget elementor-widget-heading\" data-id=\"a7f3f2a\" data-element_type=\"widget\" data-widget_type=\"heading.default\">\n\t\t\t\t<div class=\"elementor-widget-container\">\n\t\t\t<h5 class=\"elementor-heading-title elementor-size-default\">\u00dcbersicht ausgew\u00e4hlter Produkte aus dem Angebot<\/h5>\t\t<\/div>\n\t\t\t\t<\/div>\n\t\t\t\t<section class=\"elementor-section elementor-inner-section elementor-element elementor-element-f1463eb elementor-section-content-middle elementor-section-boxed elementor-section-height-default elementor-section-height-default\" data-id=\"f1463eb\" data-element_type=\"section\">\n\t\t\t\t\t\t<div class=\"elementor-container elementor-column-gap-default\">\n\t\t\t\t\t<div class=\"elementor-column elementor-col-33 elementor-inner-column elementor-element elementor-element-1b1d874\" data-id=\"1b1d874\" data-element_type=\"column\">\n\t\t\t<div class=\"elementor-widget-wrap elementor-element-populated\">\n\t\t\t\t\t\t<div class=\"elementor-element elementor-element-4115578 elementor-widget elementor-widget-image\" data-id=\"4115578\" data-element_type=\"widget\" data-widget_type=\"image.default\">\n\t\t\t\t<div class=\"elementor-widget-container\">\n\t\t\t\t\t\t\t\t\t\t\t\t\t<img fetchpriority=\"high\" decoding=\"async\" width=\"358\" height=\"395\" src=\"https:\/\/www.elbatrade.at\/wp-content\/uploads\/2024\/03\/Bild1.png\" class=\"attachment-large size-large wp-image-25997\" alt=\"\" \/>\t\t\t\t\t\t\t\t\t\t\t\t\t<\/div>\n\t\t\t\t<\/div>\n\t\t\t\t\t<\/div>\n\t\t<\/div>\n\t\t\t\t<div class=\"elementor-column elementor-col-33 elementor-inner-column elementor-element elementor-element-4b9f7e0\" data-id=\"4b9f7e0\" data-element_type=\"column\">\n\t\t\t<div class=\"elementor-widget-wrap elementor-element-populated\">\n\t\t\t\t\t\t<div class=\"elementor-element elementor-element-a0ee97f elementor-widget elementor-widget-image\" data-id=\"a0ee97f\" data-element_type=\"widget\" data-widget_type=\"image.default\">\n\t\t\t\t<div class=\"elementor-widget-container\">\n\t\t\t\t\t\t\t\t\t\t\t\t\t<img decoding=\"async\" width=\"257\" height=\"212\" src=\"https:\/\/www.elbatrade.at\/wp-content\/uploads\/2024\/03\/Bild2.png\" class=\"attachment-large size-large wp-image-25996\" alt=\"\" \/>\t\t\t\t\t\t\t\t\t\t\t\t\t<\/div>\n\t\t\t\t<\/div>\n\t\t\t\t\t<\/div>\n\t\t<\/div>\n\t\t\t\t<div class=\"elementor-column elementor-col-33 elementor-inner-column elementor-element elementor-element-9c4dad3\" data-id=\"9c4dad3\" data-element_type=\"column\">\n\t\t\t<div class=\"elementor-widget-wrap elementor-element-populated\">\n\t\t\t\t\t\t<div class=\"elementor-element elementor-element-17d86dc elementor-widget elementor-widget-image\" data-id=\"17d86dc\" data-element_type=\"widget\" data-widget_type=\"image.default\">\n\t\t\t\t<div class=\"elementor-widget-container\">\n\t\t\t\t\t\t\t\t\t\t\t\t\t<img decoding=\"async\" width=\"223\" height=\"368\" src=\"https:\/\/www.elbatrade.at\/wp-content\/uploads\/2024\/03\/Bild3.png\" class=\"attachment-large size-large wp-image-25994\" alt=\"\" \/>\t\t\t\t\t\t\t\t\t\t\t\t\t<\/div>\n\t\t\t\t<\/div>\n\t\t\t\t\t<\/div>\n\t\t<\/div>\n\t\t\t\t\t<\/div>\n\t\t<\/section>\n\t\t\t\t<div class=\"elementor-element elementor-element-5685704 elementor-widget elementor-widget-spacer\" data-id=\"5685704\" data-element_type=\"widget\" data-widget_type=\"spacer.default\">\n\t\t\t\t<div class=\"elementor-widget-container\">\n\t\t\t\t\t<div class=\"elementor-spacer\">\n\t\t\t<div class=\"elementor-spacer-inner\"><\/div>\n\t\t<\/div>\n\t\t\t\t<\/div>\n\t\t\t\t<\/div>\n\t\t\t\t<div class=\"elementor-element elementor-element-f2cf613 elementor-widget elementor-widget-heading\" data-id=\"f2cf613\" data-element_type=\"widget\" data-widget_type=\"heading.default\">\n\t\t\t\t<div class=\"elementor-widget-container\">\n\t\t\t<h4 class=\"elementor-heading-title elementor-size-default\">Lithium-Polymer-Akkus (Li-Po)<\/h4>\t\t<\/div>\n\t\t\t\t<\/div>\n\t\t\t\t<div class=\"elementor-element elementor-element-8183e1f elementor-widget elementor-widget-text-editor\" data-id=\"8183e1f\" data-element_type=\"widget\" data-widget_type=\"text-editor.default\">\n\t\t\t\t<div class=\"elementor-widget-container\">\n\t\t\t\t\t\t\t<p>Als f\u00fchrender Zelltyp im Portfolio der Marke Akyga Battery wird der Umfang des Angebots dieses Zelltyps schrittweise erweitert. Derzeit gibt es \u00fcber 1.000 verschiedene Batterietypen mit Kapazit\u00e4ten von weniger als 10 mAh bis \u00fcber 10.000 mAh. Neben Batterien, die mit einer Spannung von 3,7 V bei Standardtemperaturen und -lasten betrieben werden, gibt es auch L\u00f6sungen f\u00fcr anspruchsvollere Anwendungen: in Paketen verbunden (Betriebsspannung ist ein Vielfaches von 3,7 V), mit h\u00f6heren Lade-\/Entladestr\u00f6men (sogar in in der Gr\u00f6\u00dfenordnung von mehreren Dutzend Ampere), die bei extremen Temperaturen (von -40 \u00b0C bis sogar 85 \u00b0C) arbeiten k\u00f6nnen. Sie k\u00f6nnen auch unterschiedliche Formen haben.<\/p>\t\t\t\t\t\t<\/div>\n\t\t\t\t<\/div>\n\t\t\t\t<div class=\"elementor-element elementor-element-d5eefbc elementor-widget elementor-widget-heading\" data-id=\"d5eefbc\" data-element_type=\"widget\" data-widget_type=\"heading.default\">\n\t\t\t\t<div class=\"elementor-widget-container\">\n\t\t\t<h4 class=\"elementor-heading-title elementor-size-default\">Lithium-Ionen-Akkus (Li-Ion)<\/h4>\t\t<\/div>\n\t\t\t\t<\/div>\n\t\t\t\t<div class=\"elementor-element elementor-element-22571b8 elementor-widget elementor-widget-text-editor\" data-id=\"22571b8\" data-element_type=\"widget\" data-widget_type=\"text-editor.default\">\n\t\t\t\t<div class=\"elementor-widget-container\">\n\t\t\t\t\t\t\t<p>Der am h\u00e4ufigsten verwendete Typ von Li-Ion-Zellen sind die der Gr\u00f6\u00dfe 18650 oder 21700. Sie haben je nach verwendeter Chemikalienmischung unterschiedliche Kapazit\u00e4t, Lebensdauer (Ladezyklen) und maximale Lade-\/Entladestr\u00f6me. Diese Batterien zeichnen sich durch eine lange Lebensdauer, relativ kleine Abmessungen und eine hohe Energiedichte aus. Sie sind in der gesamten Elektromobilit\u00e4tsbranche weit verbreitet. Durch den Aufbau eines Pakets, das sogar aus mehreren hundert Zellen besteht, k\u00f6nnen Sie gro\u00dfe Energiespeicher erhalten. Auch Li-Ion-Zellen in Knopfzellengeh\u00e4usen wie LIR2016 oder LIR2032 erfreuen sich zunehmender Beliebtheit. Es ist eine Alternative zu Prim\u00e4rzellen. Bei sachgem\u00e4\u00dfer Anwendung halten sie bis zu 300 Ladezyklen durch.<\/p>\t\t\t\t\t\t<\/div>\n\t\t\t\t<\/div>\n\t\t\t\t<div class=\"elementor-element elementor-element-5f1923c elementor-widget elementor-widget-heading\" data-id=\"5f1923c\" data-element_type=\"widget\" data-widget_type=\"heading.default\">\n\t\t\t\t<div class=\"elementor-widget-container\">\n\t\t\t<h4 class=\"elementor-heading-title elementor-size-default\">Knopfbatterien (CR Li-MnO2)<\/h4>\t\t<\/div>\n\t\t\t\t<\/div>\n\t\t\t\t<div class=\"elementor-element elementor-element-6959b05 elementor-widget elementor-widget-text-editor\" data-id=\"6959b05\" data-element_type=\"widget\" data-widget_type=\"text-editor.default\">\n\t\t\t\t<div class=\"elementor-widget-container\">\n\t\t\t\t\t\t\t<p>Die Ausgangsspannung dieser Batterien betr\u00e4gt 3,0 V. Diese Art von Stromquelle ist auch aufgrund ihrer geringen Abmessungen, extremen Betriebstemperaturen und geringen Entladung weit verbreitet. Die beliebtesten Typen sind CR2032 und CR2450.<\/p>\t\t\t\t\t\t<\/div>\n\t\t\t\t<\/div>\n\t\t\t\t<div class=\"elementor-element elementor-element-5eec578 elementor-widget elementor-widget-heading\" data-id=\"5eec578\" data-element_type=\"widget\" data-widget_type=\"heading.default\">\n\t\t\t\t<div class=\"elementor-widget-container\">\n\t\t\t<h4 class=\"elementor-heading-title elementor-size-default\">Alkalibatterien (Zn-MnO2)<\/h4>\t\t<\/div>\n\t\t\t\t<\/div>\n\t\t\t\t<div class=\"elementor-element elementor-element-0dfab32 elementor-widget elementor-widget-text-editor\" data-id=\"0dfab32\" data-element_type=\"widget\" data-widget_type=\"text-editor.default\">\n\t\t\t\t<div class=\"elementor-widget-container\">\n\t\t\t\t\t\t\t<p>Die Nennspannung betr\u00e4gt 1,5V. Dabei handelt es sich um nicht wiederaufladbare Batterien, die im t\u00e4glichen Gebrauch am h\u00e4ufigsten verwendet werden. Dank ihrer gr\u00f6\u00dferen Kapazit\u00e4t und l\u00e4ngeren Lebensdauer sind sie eine gute Alternative zu Zink-Kohle-Batterien.<\/p><p>Das Angebot von Akyga Battery umfasst auch andere Arten von Akkumulatoren und Batterien, z. B.: Nickel-Metallhydrid-Batterien (NiMH), Lithium-Eisenphosphat-Batterien (LiFePO4) und Lithium-Thionylchlorid-Zellen (Li-SoCl2).<\/p><p>Batterien und Akkumulatoren von Akyga Battery werden in einer Vielzahl von Anwendungen und L\u00f6sungen eingesetzt. Dazu geh\u00f6ren beispielsweise Fahrzeugortungsger\u00e4te (GPS), medizinische Ger\u00e4te (Gesundheits\u00fcberwachung, Smart-Armb\u00e4nder), s\u00e4mtliche IoT-L\u00f6sungen (Ortungsger\u00e4te, Sensoren), Elektromobilit\u00e4t, Smart Home und Spielzeug.<\/p><p>Akyga Battery arbeitet mit akkreditierten Laboren zusammen, um seine Produkte zu zertifizieren. Die Zellen sind unter anderem nach folgenden Standards zertifiziert:<\/p><p>\u2022 CE<\/p><p>\u2022 Sicherheitsdatenbl\u00e4tter<\/p><p>\u2022 UN38.3<\/p><p>\u2022 IEC62133<\/p><p>\u2022 UL1642<\/p>\t\t\t\t\t\t<\/div>\n\t\t\t\t<\/div>\n\t\t\t\t<div class=\"elementor-element elementor-element-2f087d4 elementor-widget-divider--view-line elementor-widget elementor-widget-divider\" data-id=\"2f087d4\" data-element_type=\"widget\" data-widget_type=\"divider.default\">\n\t\t\t\t<div class=\"elementor-widget-container\">\n\t\t\t\t\t<div class=\"elementor-divider\">\n\t\t\t<span class=\"elementor-divider-separator\">\n\t\t\t\t\t\t<\/span>\n\t\t<\/div>\n\t\t\t\t<\/div>\n\t\t\t\t<\/div>\n\t\t\t\t<div class=\"elementor-element elementor-element-8c70d70 elementor-widget elementor-widget-text-editor\" data-id=\"8c70d70\" data-element_type=\"widget\" data-widget_type=\"text-editor.default\">\n\t\t\t\t<div class=\"elementor-widget-container\">\n\t\t\t\t\t\t\t<p><span style=\"font-size: 1rem;\">Elbatrade verkauft auch Batterien bekannter Marken wie Energizer, Duracell, Varta, Saft, Tadiran, etc.<\/span><\/p>\t\t\t\t\t\t<\/div>\n\t\t\t\t<\/div>\n\t\t\t\t\t<\/div>\n\t\t<\/div>\n\t\t\t\t\t<\/div>\n\t\t<\/section>\n\t\t\t\t<\/div>\n\t\t","protected":false},"excerpt":{"rendered":"<p>Akyga Battery Akyga Battery ist eine Marke, die seit Jahren auf dem europ\u00e4ischen Markt pr\u00e4sent ist. Das Unternehmen verf\u00fcgt \u00fcber mehr als 10 Jahre Erfahrung in der Herstellung hochwertiger Batterien und Akkus. Die Marke Akyga wurde 2005 gegr\u00fcndet und 2013 wurden die ersten Zellen mit dem Akyga Battery-Logo in das Angebot aufgenommen. Akyga verf\u00fcgt \u00fcber [&hellip;]<\/p>\n","protected":false},"author":2,"featured_media":0,"parent":0,"menu_order":0,"comment_status":"closed","ping_status":"closed","template":"elementor_header_footer","meta":{"footnotes":""},"class_list":["post-25992","page","type-page","status-publish","hentry"],"_links":{"self":[{"href":"https:\/\/www.elbatrade.at\/de\/wp-json\/wp\/v2\/pages\/25992","targetHints":{"allow":["GET"]}}],"collection":[{"href":"https:\/\/www.elbatrade.at\/de\/wp-json\/wp\/v2\/pages"}],"about":[{"href":"https:\/\/www.elbatrade.at\/de\/wp-json\/wp\/v2\/types\/page"}],"author":[{"embeddable":true,"href":"https:\/\/www.elbatrade.at\/de\/wp-json\/wp\/v2\/users\/2"}],"replies":[{"embeddable":true,"href":"https:\/\/www.elbatrade.at\/de\/wp-json\/wp\/v2\/comments?post=25992"}],"version-history":[{"count":3,"href":"https:\/\/www.elbatrade.at\/de\/wp-json\/wp\/v2\/pages\/25992\/revisions"}],"predecessor-version":[{"id":25998,"href":"https:\/\/www.elbatrade.at\/de\/wp-json\/wp\/v2\/pages\/25992\/revisions\/25998"}],"wp:attachment":[{"href":"https:\/\/www.elbatrade.at\/de\/wp-json\/wp\/v2\/media?parent=25992"}],"curies":[{"name":"wp","href":"https:\/\/api.w.org\/{rel}","templated":true}]}}